{"id":263,"date":"2023-05-12T15:59:37","date_gmt":"2023-10-19T09:39:14","guid":{"rendered":"https:\/\/wordpress-813847-3994059.cloudwaysapps.com\/hotel\/tagung\/"},"modified":"2025-05-29T20:10:06","modified_gmt":"2025-05-29T18:10:06","slug":"tagung","status":"publish","type":"page","link":"https:\/\/burg-wassenberg.de\/fr\/veranstaltung\/tagung\/","title":{"rendered":"R\u00e9union"},"content":{"rendered":"<h2 class=\"wp-block-heading\"><strong>Votre \u00e9v\u00e9nement au ch\u00e2teau de Wassenberg<\/strong><\/h2>\n\n\n\n<p><strong>Des r\u00e9unions efficaces dans un cadre historique<\/strong><\/p>\n\n\n\n<p>Le ch\u00e2teau de Wassenberg est l'endroit id\u00e9al pour organiser des r\u00e9unions et des conf\u00e9rences r\u00e9ussies, qui doivent \u00eatre \u00e0 la fois productives et inspirantes. Au c\u0153ur d'un environnement historique, nous vous proposons des salles de r\u00e9union dot\u00e9es d'un \u00e9quipement moderne pour faire de vos \u00e9v\u00e9nements professionnels une r\u00e9ussite totale.<\/p>\n\n\n\n<p><strong>Un environnement inspirant<\/strong><\/p>\n\n\n\n<p>Pourquoi les r\u00e9unions devraient-elles toujours avoir lieu dans des centres de r\u00e9union ordinaires ? Notre ch\u00e2teau historique offre un environnement unique et inspirant qui favorise la cr\u00e9ativit\u00e9 et l'innovation. Les murs anciens, les salles somptueuses et le jardin paisible du ch\u00e2teau cr\u00e9ent une atmosph\u00e8re qui va bien au-del\u00e0 de la vie de bureau ordinaire.<\/p>\n\n\n\n<p><strong>Salles de r\u00e9union polyvalentes<\/strong><\/p>\n\n\n\n<p>Unsere Tagungsr\u00e4ume sind so vielseitig wie Ihre Bed\u00fcrfnisse. Ob Sie eine Vorstandssitzung, ein <strong>Team-Meeting<\/strong>, eine <strong>Schulung<\/strong> oder eine <strong>Konferenz<\/strong> mit Hunderten von Teilnehmern planen &#8211; wir haben den passenden Raum f\u00fcr Sie. Jeder Raum ist mit modernster Technik ausgestattet, um sicherzustellen, dass Ihre Pr\u00e4sentationen und Diskussionen reibungslos ablaufen.<\/p>\n\n\n\n<p><strong>Un service et un soutien de premier ordre<\/strong><\/p>\n\n\n\n<p>Votre r\u00e9union est importante pour nous, et notre \u00e9quipe d\u00e9di\u00e9e aux r\u00e9unions est \u00e0 vos c\u00f4t\u00e9s pour s'assurer que tout se d\u00e9roule comme pr\u00e9vu. De la planification \u00e0 la r\u00e9alisation, nous sommes l\u00e0 pour r\u00e9pondre \u00e0 vos attentes et faire en sorte que votre r\u00e9union soit un succ\u00e8s.<\/p>\n\n\n\n<p><strong>Pauses culinaires et restauration<\/strong><\/p>\n\n\n\n<p>Chez nous, il ne s'agit pas seulement d'affaires. Notre cuisine de premier ordre vous propose de d\u00e9licieuses options de restauration pour votre r\u00e9union. Profitez de pauses culinaires qui enthousiasmeront et rafra\u00eechiront vos participants.<\/p>\n\n\n\n<p><strong>Teambuilding et d\u00e9tente<\/strong><\/p>\n\n\n\n<p>Warum nicht <strong>Teambuilding-Aktivit\u00e4te<\/strong>n in unsere idyllische Umgebung einbauen? Nutzen Sie zum Beispiel unseren Burggarten f\u00fcr <strong>Outdoor-Teambuilding<\/strong>. Wir bieten Ihnen auch <strong>historische Stadtf\u00fchrungen<\/strong>, <strong>Schnitzeljagd<\/strong> oder auch <strong>Brettspiel- und Karaokeabende<\/strong>.<\/p>\n\n\n\n<p>Nous vous invitons \u00e0 organiser votre prochaine r\u00e9union ou conf\u00e9rence au ch\u00e2teau de Wassenberg. Cr\u00e9ons ensemble un \u00e9v\u00e9nement qui ne sera pas seulement efficace et productif, mais qui se d\u00e9roulera \u00e9galement dans un cadre unique qui inspirera vos participants.<\/p>\n\n\n\n<p>Le ch\u00e2teau de Wassenberg offre la combinaison id\u00e9ale d'une ambiance historique, d'une technologie moderne et d'un service professionnel pour garantir le succ\u00e8s et l'inspiration de votre r\u00e9union ou conf\u00e9rence. Nous nous r\u00e9jouissons de faire de vos \u00e9v\u00e9nements professionnels un succ\u00e8s total.<\/p>\n\n\n\n<p><\/p>","protected":false},"excerpt":{"rendered":"<p>Organisez votre prochaine r\u00e9union dans notre ch\u00e2teau de Wassenberg.<\/p>","protected":false},"author":3,"featured_media":327,"parent":362,"menu_order":0,"comment_status":"closed","ping_status":"closed","template":"","meta":{"_acf_changed":false,"footnotes":""},"class_list":["post-263","page","type-page","status-publish","has-post-thumbnail","hentry"],"acf":[],"_links":{"self":[{"href":"https:\/\/burg-wassenberg.de\/fr\/wp-json\/wp\/v2\/pages\/263"}],"collection":[{"href":"https:\/\/burg-wassenberg.de\/fr\/wp-json\/wp\/v2\/pages"}],"about":[{"href":"https:\/\/burg-wassenberg.de\/fr\/wp-json\/wp\/v2\/types\/page"}],"author":[{"embeddable":true,"href":"https:\/\/burg-wassenberg.de\/fr\/wp-json\/wp\/v2\/users\/3"}],"replies":[{"embeddable":true,"href":"https:\/\/burg-wassenberg.de\/fr\/wp-json\/wp\/v2\/comments?post=263"}],"version-history":[{"count":23,"href":"https:\/\/burg-wassenberg.de\/fr\/wp-json\/wp\/v2\/pages\/263\/revisions"}],"predecessor-version":[{"id":1377,"href":"https:\/\/burg-wassenberg.de\/fr\/wp-json\/wp\/v2\/pages\/263\/revisions\/1377"}],"up":[{"embeddable":true,"href":"https:\/\/burg-wassenberg.de\/fr\/wp-json\/wp\/v2\/pages\/362"}],"wp:featuredmedia":[{"embeddable":true,"href":"https:\/\/burg-wassenberg.de\/fr\/wp-json\/wp\/v2\/media\/327"}],"wp:attachment":[{"href":"https:\/\/burg-wassenberg.de\/fr\/wp-json\/wp\/v2\/media?parent=263"}],"curies":[{"name":"wp","href":"https:\/\/api.w.org\/{rel}","templated":true}]}}