{"id":1072,"date":"2024-07-30T09:58:33","date_gmt":"2024-07-30T07:58:33","guid":{"rendered":"https:\/\/burg-wassenberg.de\/?page_id=1072"},"modified":"2024-07-30T11:54:59","modified_gmt":"2024-07-30T09:54:59","slug":"kaffee-kuchen","status":"publish","type":"page","link":"https:\/\/burg-wassenberg.de\/nl\/restaurant\/kaffee-kuchen\/","title":{"rendered":"Kaffee &#038; Kuchen"},"content":{"rendered":"<h2 class=\"wp-block-heading\">Lecker Kaffee und Kuchen<\/h2>\n\n\n\n<p>Genie\u00dfe unsere Leckere Kaffeespezialit\u00e4ten mit einem frisch gebackenen St\u00fcck kuchen bei herrlicher Aussicht \u00fcber wassenberg.<\/p>","protected":false},"excerpt":{"rendered":"<p>Lecker Kaffee und Kuchen Genie\u00dfe unsere Leckere Kaffeespezialit\u00e4ten mit einem frisch gebackenen St\u00fcck kuchen bei herrlicher Aussicht \u00fcber wassenberg.<\/p>","protected":false},"author":3,"featured_media":0,"parent":272,"menu_order":1,"comment_status":"closed","ping_status":"closed","template":"","meta":{"_acf_changed":false,"footnotes":""},"class_list":["post-1072","page","type-page","status-publish","hentry"],"acf":[],"_links":{"self":[{"href":"https:\/\/burg-wassenberg.de\/nl\/wp-json\/wp\/v2\/pages\/1072"}],"collection":[{"href":"https:\/\/burg-wassenberg.de\/nl\/wp-json\/wp\/v2\/pages"}],"about":[{"href":"https:\/\/burg-wassenberg.de\/nl\/wp-json\/wp\/v2\/types\/page"}],"author":[{"embeddable":true,"href":"https:\/\/burg-wassenberg.de\/nl\/wp-json\/wp\/v2\/users\/3"}],"replies":[{"embeddable":true,"href":"https:\/\/burg-wassenberg.de\/nl\/wp-json\/wp\/v2\/comments?post=1072"}],"version-history":[{"count":17,"href":"https:\/\/burg-wassenberg.de\/nl\/wp-json\/wp\/v2\/pages\/1072\/revisions"}],"predecessor-version":[{"id":1099,"href":"https:\/\/burg-wassenberg.de\/nl\/wp-json\/wp\/v2\/pages\/1072\/revisions\/1099"}],"up":[{"embeddable":true,"href":"https:\/\/burg-wassenberg.de\/nl\/wp-json\/wp\/v2\/pages\/272"}],"wp:attachment":[{"href":"https:\/\/burg-wassenberg.de\/nl\/wp-json\/wp\/v2\/media?parent=1072"}],"curies":[{"name":"wp","href":"https:\/\/api.w.org\/{rel}","templated":true}]}}